{"id":479,"date":"2020-04-16T17:27:11","date_gmt":"2020-04-16T15:27:11","guid":{"rendered":"https:\/\/restaurant-la-palma.fr\/?page_id=479"},"modified":"2023-12-22T09:25:52","modified_gmt":"2023-12-22T08:25:52","slug":"galerie-photo","status":"publish","type":"page","link":"https:\/\/restaurant-la-palma.fr\/index.php\/galerie-photo\/","title":{"rendered":"Galerie photo"},"content":{"rendered":"\t\t<div data-elementor-type=\"wp-page\" data-elementor-id=\"479\" class=\"elementor elementor-479\" data-elementor-settings=\"{&quot;ha_cmc_init_switcher&quot;:&quot;no&quot;}\">\n\t\t\t\t\t\t<section class=\"elementor-section elementor-top-section elementor-element elementor-element-3894c2b0 elementor-section-full_width elementor-section-height-default elementor-section-height-default\" data-id=\"3894c2b0\" data-element_type=\"section\" data-settings=\"{&quot;_ha_eqh_enable&quot;:false}\">\n\t\t\t\t\t\t<div class=\"elementor-container elementor-column-gap-default\">\n\t\t\t\t\t<div class=\"elementor-column elementor-col-100 elementor-top-column elementor-element elementor-element-14ff216c\" data-id=\"14ff216c\" data-element_type=\"column\">\n\t\t\t<div class=\"elementor-widget-wrap elementor-element-populated\">\n\t\t\t\t\t\t<div class=\"elementor-element elementor-element-4ccc1c9a elementor-widget elementor-widget-heading\" data-id=\"4ccc1c9a\" data-element_type=\"widget\" id=\"scrollphoto\" data-widget_type=\"heading.default\">\n\t\t\t\t<div class=\"elementor-widget-container\">\n\t\t\t\t\t<h1 class=\"elementor-heading-title elementor-size-default\">Galerie photo<\/h1>\t\t\t\t<\/div>\n\t\t\t\t<\/div>\n\t\t\t\t<div class=\"elementor-element elementor-element-7e2603b elementor-widget elementor-widget-text-editor\" data-id=\"7e2603b\" data-element_type=\"widget\" data-widget_type=\"text-editor.default\">\n\t\t\t\t<div class=\"elementor-widget-container\">\n\t\t\t\t\t\t\t\t\t<p>Vous trouverez ici toutes les photos prises par notre \u00e9quipe et nos clients. N&rsquo;h\u00e9sitez pas \u00e0 nous faire parvenir les v\u00f4tres <strong><a style=\"color: #a88e69;\" href=\"https:\/\/www.facebook.com\/Restaurant-Pizzeria-La-Palma--523541827847634\/\" target=\"_blank\" rel=\"noopener\">sur notre facebook<\/a>,<\/strong> elles pourraient bien se retrouver en VIP sur notre site !\u00a0<\/p>\t\t\t\t\t\t\t\t<\/div>\n\t\t\t\t<\/div>\n\t\t\t\t<div class=\"elementor-element elementor-element-97302db elementor-align-center elementor-widget elementor-widget-button\" data-id=\"97302db\" data-element_type=\"widget\" data-settings=\"{&quot;ha_floating_fx&quot;:&quot;yes&quot;,&quot;ha_floating_fx_translate_toggle&quot;:&quot;yes&quot;,&quot;ha_floating_fx_translate_x&quot;:{&quot;unit&quot;:&quot;px&quot;,&quot;size&quot;:&quot;&quot;,&quot;sizes&quot;:{&quot;from&quot;:0,&quot;to&quot;:0}},&quot;ha_floating_fx_translate_y&quot;:{&quot;unit&quot;:&quot;px&quot;,&quot;size&quot;:&quot;&quot;,&quot;sizes&quot;:{&quot;from&quot;:0,&quot;to&quot;:4}},&quot;ha_floating_fx_translate_duration&quot;:{&quot;unit&quot;:&quot;px&quot;,&quot;size&quot;:1000,&quot;sizes&quot;:[]},&quot;ha_floating_fx_translate_delay&quot;:{&quot;unit&quot;:&quot;px&quot;,&quot;size&quot;:&quot;&quot;,&quot;sizes&quot;:[]}}\" data-widget_type=\"button.default\">\n\t\t\t\t<div class=\"elementor-widget-container\">\n\t\t\t\t\t\t\t\t\t<div class=\"elementor-button-wrapper\">\n\t\t\t\t\t<a class=\"elementor-button elementor-button-link elementor-size-sm elementor-animation-grow\" href=\"https:\/\/restaurant-la-palma.fr\/index.php\/notre-carte\/\">\n\t\t\t\t\t\t<span class=\"elementor-button-content-wrapper\">\n\t\t\t\t\t\t\t\t\t<span class=\"elementor-button-text\">Voir la carte<\/span>\n\t\t\t\t\t<\/span>\n\t\t\t\t\t<\/a>\n\t\t\t\t<\/div>\n\t\t\t\t\t\t\t\t<\/div>\n\t\t\t\t<\/div>\n\t\t\t\t<div class=\"elementor-element elementor-element-3faf0bc1 ha-image-grid--masonry elementor-widget elementor-widget-ha-image-grid happy-addon ha-image-grid\" data-id=\"3faf0bc1\" data-element_type=\"widget\" data-settings=\"{&quot;layout&quot;:&quot;masonry&quot;,&quot;enable_popup&quot;:&quot;yes&quot;}\" data-widget_type=\"ha-image-grid.default\">\n\t\t\t\t<div class=\"elementor-widget-container\">\n\t\t\t\t\t\n\t\t<div class=\"ha-image-grid__wrap hajs-isotope ha-lightbox--has\">\n\t\t\t\t\t\t\t\n\t\t\t\t<a href=\"#\" data-mfp-src=\"https:\/\/restaurant-la-palma.fr\/wp-content\/uploads\/2020\/04\/pizza_sardine-1024x768.jpg\" class=\"ha-image-grid__item ha-js-lightbox __fltr-1\">\n\t\t\t\t\t<img fetchpriority=\"high\" decoding=\"async\" width=\"768\" height=\"576\" src=\"https:\/\/restaurant-la-palma.fr\/wp-content\/uploads\/2020\/04\/pizza_sardine-768x576.jpg\" class=\"elementor-animation-grow\" alt=\"\" srcset=\"https:\/\/restaurant-la-palma.fr\/wp-content\/uploads\/2020\/04\/pizza_sardine-768x576.jpg 768w, https:\/\/restaurant-la-palma.fr\/wp-content\/uploads\/2020\/04\/pizza_sardine-300x225.jpg 300w, https:\/\/restaurant-la-palma.fr\/wp-content\/uploads\/2020\/04\/pizza_sardine-1024x768.jpg 1024w, https:\/\/restaurant-la-palma.fr\/wp-content\/uploads\/2020\/04\/pizza_sardine-1536x1152.jpg 1536w, https:\/\/restaurant-la-palma.fr\/wp-content\/uploads\/2020\/04\/pizza_sardine.jpg 1792w\" sizes=\"(max-width: 768px) 100vw, 768px\" \/>\t\t\t\t<\/a>\n\t\t\t\t\t\t\t\n\t\t\t\t<a href=\"#\" data-mfp-src=\"https:\/\/restaurant-la-palma.fr\/wp-content\/uploads\/2020\/04\/pizza_oeuf-1024x768.jpg\" class=\"ha-image-grid__item ha-js-lightbox __fltr-1\">\n\t\t\t\t\t<img decoding=\"async\" width=\"768\" height=\"576\" src=\"https:\/\/restaurant-la-palma.fr\/wp-content\/uploads\/2020\/04\/pizza_oeuf-768x576.jpg\" class=\"elementor-animation-grow\" alt=\"\" srcset=\"https:\/\/restaurant-la-palma.fr\/wp-content\/uploads\/2020\/04\/pizza_oeuf-768x576.jpg 768w, https:\/\/restaurant-la-palma.fr\/wp-content\/uploads\/2020\/04\/pizza_oeuf-300x225.jpg 300w, https:\/\/restaurant-la-palma.fr\/wp-content\/uploads\/2020\/04\/pizza_oeuf-1024x768.jpg 1024w, https:\/\/restaurant-la-palma.fr\/wp-content\/uploads\/2020\/04\/pizza_oeuf-1536x1152.jpg 1536w, https:\/\/restaurant-la-palma.fr\/wp-content\/uploads\/2020\/04\/pizza_oeuf.jpg 1792w\" sizes=\"(max-width: 768px) 100vw, 768px\" \/>\t\t\t\t<\/a>\n\t\t\t\t\t\t\t\n\t\t\t\t<a href=\"#\" data-mfp-src=\"https:\/\/restaurant-la-palma.fr\/wp-content\/uploads\/2020\/04\/pizza_emporter-1024x768.jpg\" class=\"ha-image-grid__item ha-js-lightbox __fltr-1\">\n\t\t\t\t\t<img decoding=\"async\" width=\"768\" height=\"576\" src=\"https:\/\/restaurant-la-palma.fr\/wp-content\/uploads\/2020\/04\/pizza_emporter-768x576.jpg\" class=\"elementor-animation-grow\" alt=\"\" srcset=\"https:\/\/restaurant-la-palma.fr\/wp-content\/uploads\/2020\/04\/pizza_emporter-768x576.jpg 768w, https:\/\/restaurant-la-palma.fr\/wp-content\/uploads\/2020\/04\/pizza_emporter-300x225.jpg 300w, https:\/\/restaurant-la-palma.fr\/wp-content\/uploads\/2020\/04\/pizza_emporter-1024x768.jpg 1024w, https:\/\/restaurant-la-palma.fr\/wp-content\/uploads\/2020\/04\/pizza_emporter-1536x1152.jpg 1536w, https:\/\/restaurant-la-palma.fr\/wp-content\/uploads\/2020\/04\/pizza_emporter.jpg 1792w\" sizes=\"(max-width: 768px) 100vw, 768px\" \/>\t\t\t\t<\/a>\n\t\t\t\t\t\t\t\n\t\t\t\t<a href=\"#\" data-mfp-src=\"https:\/\/restaurant-la-palma.fr\/wp-content\/uploads\/2020\/04\/salade_parmigiana-1024x768.jpg\" class=\"ha-image-grid__item ha-js-lightbox __fltr-1\">\n\t\t\t\t\t<img loading=\"lazy\" decoding=\"async\" width=\"768\" height=\"576\" src=\"https:\/\/restaurant-la-palma.fr\/wp-content\/uploads\/2020\/04\/salade_parmigiana-768x576.jpg\" class=\"elementor-animation-grow\" alt=\"\" srcset=\"https:\/\/restaurant-la-palma.fr\/wp-content\/uploads\/2020\/04\/salade_parmigiana-768x576.jpg 768w, https:\/\/restaurant-la-palma.fr\/wp-content\/uploads\/2020\/04\/salade_parmigiana-300x225.jpg 300w, https:\/\/restaurant-la-palma.fr\/wp-content\/uploads\/2020\/04\/salade_parmigiana-1024x768.jpg 1024w, https:\/\/restaurant-la-palma.fr\/wp-content\/uploads\/2020\/04\/salade_parmigiana-1536x1152.jpg 1536w, https:\/\/restaurant-la-palma.fr\/wp-content\/uploads\/2020\/04\/salade_parmigiana.jpg 1792w\" sizes=\"(max-width: 768px) 100vw, 768px\" \/>\t\t\t\t<\/a>\n\t\t\t\t\t\t\t\n\t\t\t\t<a href=\"#\" data-mfp-src=\"https:\/\/restaurant-la-palma.fr\/wp-content\/uploads\/2020\/04\/pizza_plan_travail-768x1024.jpg\" class=\"ha-image-grid__item ha-js-lightbox __fltr-1\">\n\t\t\t\t\t<img loading=\"lazy\" decoding=\"async\" width=\"768\" height=\"1024\" src=\"https:\/\/restaurant-la-palma.fr\/wp-content\/uploads\/2020\/04\/pizza_plan_travail-768x1024.jpg\" class=\"elementor-animation-grow\" alt=\"\" srcset=\"https:\/\/restaurant-la-palma.fr\/wp-content\/uploads\/2020\/04\/pizza_plan_travail-768x1024.jpg 768w, https:\/\/restaurant-la-palma.fr\/wp-content\/uploads\/2020\/04\/pizza_plan_travail-225x300.jpg 225w, https:\/\/restaurant-la-palma.fr\/wp-content\/uploads\/2020\/04\/pizza_plan_travail-1152x1536.jpg 1152w, https:\/\/restaurant-la-palma.fr\/wp-content\/uploads\/2020\/04\/pizza_plan_travail.jpg 1344w\" sizes=\"(max-width: 768px) 100vw, 768px\" \/>\t\t\t\t<\/a>\n\t\t\t\t\t\t\t\n\t\t\t\t<a href=\"#\" data-mfp-src=\"https:\/\/restaurant-la-palma.fr\/wp-content\/uploads\/2020\/04\/gf_arancini-762x1024.jpg\" class=\"ha-image-grid__item ha-js-lightbox __fltr-1\">\n\t\t\t\t\t<img loading=\"lazy\" decoding=\"async\" width=\"768\" height=\"1032\" src=\"https:\/\/restaurant-la-palma.fr\/wp-content\/uploads\/2020\/04\/gf_arancini-768x1032.jpg\" class=\"elementor-animation-grow\" alt=\"Assiette d&#039;arancini\" srcset=\"https:\/\/restaurant-la-palma.fr\/wp-content\/uploads\/2020\/04\/gf_arancini-768x1032.jpg 768w, https:\/\/restaurant-la-palma.fr\/wp-content\/uploads\/2020\/04\/gf_arancini-223x300.jpg 223w, https:\/\/restaurant-la-palma.fr\/wp-content\/uploads\/2020\/04\/gf_arancini-762x1024.jpg 762w, https:\/\/restaurant-la-palma.fr\/wp-content\/uploads\/2020\/04\/gf_arancini.jpg 819w\" sizes=\"(max-width: 768px) 100vw, 768px\" \/>\t\t\t\t<\/a>\n\t\t\t\t\t\t\t\n\t\t\t\t<a href=\"#\" data-mfp-src=\"https:\/\/restaurant-la-palma.fr\/wp-content\/uploads\/2020\/04\/gf_poulet_fitness-576x1024.jpg\" class=\"ha-image-grid__item ha-js-lightbox __fltr-1\">\n\t\t\t\t\t<img loading=\"lazy\" decoding=\"async\" width=\"750\" height=\"1334\" src=\"https:\/\/restaurant-la-palma.fr\/wp-content\/uploads\/2020\/04\/gf_poulet_fitness.jpg\" class=\"elementor-animation-grow\" alt=\"\" srcset=\"https:\/\/restaurant-la-palma.fr\/wp-content\/uploads\/2020\/04\/gf_poulet_fitness.jpg 750w, https:\/\/restaurant-la-palma.fr\/wp-content\/uploads\/2020\/04\/gf_poulet_fitness-169x300.jpg 169w, https:\/\/restaurant-la-palma.fr\/wp-content\/uploads\/2020\/04\/gf_poulet_fitness-576x1024.jpg 576w\" sizes=\"(max-width: 750px) 100vw, 750px\" \/>\t\t\t\t<\/a>\n\t\t\t\t\t\t\t\n\t\t\t\t<a href=\"#\" data-mfp-src=\"https:\/\/restaurant-la-palma.fr\/wp-content\/uploads\/2020\/04\/resto-1024x591.png\" class=\"ha-image-grid__item ha-js-lightbox __fltr-1\">\n\t\t\t\t\t<img loading=\"lazy\" decoding=\"async\" width=\"768\" height=\"443\" src=\"https:\/\/restaurant-la-palma.fr\/wp-content\/uploads\/2020\/04\/resto-768x443.png\" class=\"elementor-animation-grow\" alt=\"La Palma\" srcset=\"https:\/\/restaurant-la-palma.fr\/wp-content\/uploads\/2020\/04\/resto-768x443.png 768w, https:\/\/restaurant-la-palma.fr\/wp-content\/uploads\/2020\/04\/resto-300x173.png 300w, https:\/\/restaurant-la-palma.fr\/wp-content\/uploads\/2020\/04\/resto-1024x591.png 1024w, https:\/\/restaurant-la-palma.fr\/wp-content\/uploads\/2020\/04\/resto-1536x886.png 1536w, https:\/\/restaurant-la-palma.fr\/wp-content\/uploads\/2020\/04\/resto.png 1702w\" sizes=\"(max-width: 768px) 100vw, 768px\" \/>\t\t\t\t<\/a>\n\t\t\t\t\t\t\t\n\t\t\t\t<a href=\"#\" data-mfp-src=\"https:\/\/restaurant-la-palma.fr\/wp-content\/uploads\/2020\/04\/gf_terasse_arriere.jpg\" class=\"ha-image-grid__item ha-js-lightbox __fltr-1\">\n\t\t\t\t\t<img loading=\"lazy\" decoding=\"async\" width=\"768\" height=\"576\" src=\"https:\/\/restaurant-la-palma.fr\/wp-content\/uploads\/2020\/04\/gf_terasse_arriere-768x576.jpg\" class=\"elementor-animation-grow\" alt=\"\" srcset=\"https:\/\/restaurant-la-palma.fr\/wp-content\/uploads\/2020\/04\/gf_terasse_arriere-768x576.jpg 768w, https:\/\/restaurant-la-palma.fr\/wp-content\/uploads\/2020\/04\/gf_terasse_arriere-300x225.jpg 300w, https:\/\/restaurant-la-palma.fr\/wp-content\/uploads\/2020\/04\/gf_terasse_arriere.jpg 960w\" sizes=\"(max-width: 768px) 100vw, 768px\" \/>\t\t\t\t<\/a>\n\t\t\t\t\t\t\t\n\t\t\t\t<a href=\"#\" data-mfp-src=\"https:\/\/restaurant-la-palma.fr\/wp-content\/uploads\/2020\/04\/gf_pizza.jpg\" class=\"ha-image-grid__item ha-js-lightbox __fltr-1\">\n\t\t\t\t\t<img loading=\"lazy\" decoding=\"async\" width=\"720\" height=\"960\" src=\"https:\/\/restaurant-la-palma.fr\/wp-content\/uploads\/2020\/04\/gf_pizza.jpg\" class=\"elementor-animation-grow\" alt=\"Pizza fruits de mer\" srcset=\"https:\/\/restaurant-la-palma.fr\/wp-content\/uploads\/2020\/04\/gf_pizza.jpg 720w, https:\/\/restaurant-la-palma.fr\/wp-content\/uploads\/2020\/04\/gf_pizza-225x300.jpg 225w\" sizes=\"(max-width: 720px) 100vw, 720px\" \/>\t\t\t\t<\/a>\n\t\t\t\t\t\t\t\n\t\t\t\t<a href=\"#\" data-mfp-src=\"https:\/\/restaurant-la-palma.fr\/wp-content\/uploads\/2020\/04\/gf_salade_burrata.jpg\" class=\"ha-image-grid__item ha-js-lightbox __fltr-1\">\n\t\t\t\t\t<img loading=\"lazy\" decoding=\"async\" width=\"768\" height=\"576\" src=\"https:\/\/restaurant-la-palma.fr\/wp-content\/uploads\/2020\/04\/gf_salade_burrata-768x576.jpg\" class=\"elementor-animation-grow\" alt=\"Burata\" srcset=\"https:\/\/restaurant-la-palma.fr\/wp-content\/uploads\/2020\/04\/gf_salade_burrata-768x576.jpg 768w, https:\/\/restaurant-la-palma.fr\/wp-content\/uploads\/2020\/04\/gf_salade_burrata-300x225.jpg 300w, https:\/\/restaurant-la-palma.fr\/wp-content\/uploads\/2020\/04\/gf_salade_burrata.jpg 960w\" sizes=\"(max-width: 768px) 100vw, 768px\" \/>\t\t\t\t<\/a>\n\t\t\t\t\t\t\t\n\t\t\t\t<a href=\"#\" data-mfp-src=\"https:\/\/restaurant-la-palma.fr\/wp-content\/uploads\/2020\/04\/gf_terrasse_avant.jpg\" class=\"ha-image-grid__item ha-js-lightbox __fltr-1\">\n\t\t\t\t\t<img loading=\"lazy\" decoding=\"async\" width=\"720\" height=\"960\" src=\"https:\/\/restaurant-la-palma.fr\/wp-content\/uploads\/2020\/04\/gf_terrasse_avant.jpg\" class=\"elementor-animation-grow\" alt=\"\" srcset=\"https:\/\/restaurant-la-palma.fr\/wp-content\/uploads\/2020\/04\/gf_terrasse_avant.jpg 720w, https:\/\/restaurant-la-palma.fr\/wp-content\/uploads\/2020\/04\/gf_terrasse_avant-225x300.jpg 225w\" sizes=\"(max-width: 720px) 100vw, 720px\" \/>\t\t\t\t<\/a>\n\t\t\t\t\t\t\t\n\t\t\t\t<a href=\"#\" data-mfp-src=\"https:\/\/restaurant-la-palma.fr\/wp-content\/uploads\/2020\/04\/gf_plat_pates-1.jpg\" class=\"ha-image-grid__item ha-js-lightbox __fltr-1\">\n\t\t\t\t\t<img loading=\"lazy\" decoding=\"async\" width=\"720\" height=\"960\" src=\"https:\/\/restaurant-la-palma.fr\/wp-content\/uploads\/2020\/04\/gf_plat_pates-1.jpg\" class=\"elementor-animation-grow\" alt=\"Spaghetti fruits de mer\" srcset=\"https:\/\/restaurant-la-palma.fr\/wp-content\/uploads\/2020\/04\/gf_plat_pates-1.jpg 720w, https:\/\/restaurant-la-palma.fr\/wp-content\/uploads\/2020\/04\/gf_plat_pates-1-225x300.jpg 225w\" sizes=\"(max-width: 720px) 100vw, 720px\" \/>\t\t\t\t<\/a>\n\t\t\t\t\t\t\t\n\t\t\t\t<a href=\"#\" data-mfp-src=\"https:\/\/restaurant-la-palma.fr\/wp-content\/uploads\/2020\/04\/salade_crevettes-768x1024.jpg\" class=\"ha-image-grid__item ha-js-lightbox __fltr-2\">\n\t\t\t\t\t<img loading=\"lazy\" decoding=\"async\" width=\"768\" height=\"1025\" src=\"https:\/\/restaurant-la-palma.fr\/wp-content\/uploads\/2020\/04\/salade_crevettes-768x1025.jpg\" class=\"elementor-animation-grow\" alt=\"Salade\" srcset=\"https:\/\/restaurant-la-palma.fr\/wp-content\/uploads\/2020\/04\/salade_crevettes-768x1025.jpg 768w, https:\/\/restaurant-la-palma.fr\/wp-content\/uploads\/2020\/04\/salade_crevettes-225x300.jpg 225w, https:\/\/restaurant-la-palma.fr\/wp-content\/uploads\/2020\/04\/salade_crevettes.jpg 826w\" sizes=\"(max-width: 768px) 100vw, 768px\" \/>\t\t\t\t<\/a>\n\t\t\t\t\t\t\t\n\t\t\t\t<a href=\"#\" data-mfp-src=\"https:\/\/restaurant-la-palma.fr\/wp-content\/uploads\/2020\/04\/risotto-768x1024.jpg\" class=\"ha-image-grid__item ha-js-lightbox __fltr-2\">\n\t\t\t\t\t<img loading=\"lazy\" decoding=\"async\" width=\"768\" height=\"1025\" src=\"https:\/\/restaurant-la-palma.fr\/wp-content\/uploads\/2020\/04\/risotto-768x1025.jpg\" class=\"elementor-animation-grow\" alt=\"Risotto aux fruits de mer\" srcset=\"https:\/\/restaurant-la-palma.fr\/wp-content\/uploads\/2020\/04\/risotto-768x1025.jpg 768w, https:\/\/restaurant-la-palma.fr\/wp-content\/uploads\/2020\/04\/risotto-225x300.jpg 225w, https:\/\/restaurant-la-palma.fr\/wp-content\/uploads\/2020\/04\/risotto.jpg 826w\" sizes=\"(max-width: 768px) 100vw, 768px\" \/>\t\t\t\t<\/a>\n\t\t\t\t\t\t\t\n\t\t\t\t<a href=\"#\" data-mfp-src=\"https:\/\/restaurant-la-palma.fr\/wp-content\/uploads\/2020\/04\/salade-poulet-576x1024.jpg\" class=\"ha-image-grid__item ha-js-lightbox __fltr-2\">\n\t\t\t\t\t<img loading=\"lazy\" decoding=\"async\" width=\"750\" height=\"1334\" src=\"https:\/\/restaurant-la-palma.fr\/wp-content\/uploads\/2020\/04\/salade-poulet.jpg\" class=\"elementor-animation-grow\" alt=\"Salade paysanne\" srcset=\"https:\/\/restaurant-la-palma.fr\/wp-content\/uploads\/2020\/04\/salade-poulet.jpg 750w, https:\/\/restaurant-la-palma.fr\/wp-content\/uploads\/2020\/04\/salade-poulet-169x300.jpg 169w, https:\/\/restaurant-la-palma.fr\/wp-content\/uploads\/2020\/04\/salade-poulet-576x1024.jpg 576w\" sizes=\"(max-width: 750px) 100vw, 750px\" \/>\t\t\t\t<\/a>\n\t\t\t\t\t\t\t\n\t\t\t\t<a href=\"#\" data-mfp-src=\"https:\/\/restaurant-la-palma.fr\/wp-content\/uploads\/2020\/04\/foie_gras-576x1024.jpg\" class=\"ha-image-grid__item ha-js-lightbox __fltr-2\">\n\t\t\t\t\t<img loading=\"lazy\" decoding=\"async\" width=\"750\" height=\"1334\" src=\"https:\/\/restaurant-la-palma.fr\/wp-content\/uploads\/2020\/04\/foie_gras.jpg\" class=\"elementor-animation-grow\" alt=\"Assiette de foie gras\" srcset=\"https:\/\/restaurant-la-palma.fr\/wp-content\/uploads\/2020\/04\/foie_gras.jpg 750w, https:\/\/restaurant-la-palma.fr\/wp-content\/uploads\/2020\/04\/foie_gras-169x300.jpg 169w, https:\/\/restaurant-la-palma.fr\/wp-content\/uploads\/2020\/04\/foie_gras-576x1024.jpg 576w\" sizes=\"(max-width: 750px) 100vw, 750px\" \/>\t\t\t\t<\/a>\n\t\t\t\t\t\t\t\n\t\t\t\t<a href=\"#\" data-mfp-src=\"https:\/\/restaurant-la-palma.fr\/wp-content\/uploads\/2020\/04\/mojito-576x1024.jpg\" class=\"ha-image-grid__item ha-js-lightbox __fltr-2\">\n\t\t\t\t\t<img loading=\"lazy\" decoding=\"async\" width=\"750\" height=\"1334\" src=\"https:\/\/restaurant-la-palma.fr\/wp-content\/uploads\/2020\/04\/mojito.jpg\" class=\"elementor-animation-grow\" alt=\"Mojito fraise\" srcset=\"https:\/\/restaurant-la-palma.fr\/wp-content\/uploads\/2020\/04\/mojito.jpg 750w, https:\/\/restaurant-la-palma.fr\/wp-content\/uploads\/2020\/04\/mojito-169x300.jpg 169w, https:\/\/restaurant-la-palma.fr\/wp-content\/uploads\/2020\/04\/mojito-576x1024.jpg 576w\" sizes=\"(max-width: 750px) 100vw, 750px\" \/>\t\t\t\t<\/a>\n\t\t\t\t\t\t\t\n\t\t\t\t<a href=\"#\" data-mfp-src=\"https:\/\/restaurant-la-palma.fr\/wp-content\/uploads\/2020\/04\/dessert-576x1024.jpg\" class=\"ha-image-grid__item ha-js-lightbox __fltr-2\">\n\t\t\t\t\t<img loading=\"lazy\" decoding=\"async\" width=\"750\" height=\"1334\" src=\"https:\/\/restaurant-la-palma.fr\/wp-content\/uploads\/2020\/04\/dessert.jpg\" class=\"elementor-animation-grow\" alt=\"Tiramis\u00f9 aux fruits\" srcset=\"https:\/\/restaurant-la-palma.fr\/wp-content\/uploads\/2020\/04\/dessert.jpg 750w, https:\/\/restaurant-la-palma.fr\/wp-content\/uploads\/2020\/04\/dessert-169x300.jpg 169w, https:\/\/restaurant-la-palma.fr\/wp-content\/uploads\/2020\/04\/dessert-576x1024.jpg 576w\" sizes=\"(max-width: 750px) 100vw, 750px\" \/>\t\t\t\t<\/a>\n\t\t\t\t\t<\/div>\n\n\t\t\t\t\t\t<\/div>\n\t\t\t\t<\/div>\n\t\t\t\t\t<\/div>\n\t\t<\/div>\n\t\t\t\t\t<\/div>\n\t\t<\/section>\n\t\t\t\t<\/div>\n\t\t","protected":false},"excerpt":{"rendered":"<p>Galerie photo Vous trouverez ici toutes les photos prises par notre \u00e9quipe et nos clients. N&rsquo;h\u00e9sitez pas \u00e0 nous faire parvenir les v\u00f4tres sur notre facebook, elles pourraient bien se retrouver en VIP sur notre site !\u00a0 Voir la carte<\/p>\n","protected":false},"author":3,"featured_media":612,"parent":0,"menu_order":0,"comment_status":"closed","ping_status":"closed","template":"","meta":{"_seopress_robots_primary_cat":"","_seopress_titles_title":"Galerie Photo | Restaurant Pizzeria La Palma Landser","_seopress_titles_desc":"Retrouvez toutes nos photos sur cette page. N&#039;h\u00e9sitez pas \u00e0 nous envoyer les v\u00f4tres afin que nous les partagions sur notre site web !","_seopress_robots_index":"","ocean_post_layout":"","ocean_both_sidebars_style":"","ocean_both_sidebars_content_width":0,"ocean_both_sidebars_sidebars_width":0,"ocean_sidebar":"0","ocean_second_sidebar":"0","ocean_disable_margins":"enable","ocean_add_body_class":"","ocean_shortcode_before_top_bar":"","ocean_shortcode_after_top_bar":"","ocean_shortcode_before_header":"","ocean_shortcode_after_header":"","ocean_has_shortcode":"","ocean_shortcode_after_title":"","ocean_shortcode_before_footer_widgets":"","ocean_shortcode_after_footer_widgets":"","ocean_shortcode_before_footer_bottom":"","ocean_shortcode_after_footer_bottom":"","ocean_display_top_bar":"default","ocean_display_header":"default","ocean_header_style":"","ocean_center_header_left_menu":"0","ocean_custom_header_template":"0","ocean_custom_logo":0,"ocean_custom_retina_logo":0,"ocean_custom_logo_max_width":0,"ocean_custom_logo_tablet_max_width":0,"ocean_custom_logo_mobile_max_width":0,"ocean_custom_logo_max_height":0,"ocean_custom_logo_tablet_max_height":0,"ocean_custom_logo_mobile_max_height":0,"ocean_header_custom_menu":"0","ocean_menu_typo_font_family":"0","ocean_menu_typo_font_subset":"","ocean_menu_typo_font_size":0,"ocean_menu_typo_font_size_tablet":0,"ocean_menu_typo_font_size_mobile":0,"ocean_menu_typo_font_size_unit":"px","ocean_menu_typo_font_weight":"","ocean_menu_typo_font_weight_tablet":"","ocean_menu_typo_font_weight_mobile":"","ocean_menu_typo_transform":"","ocean_menu_typo_transform_tablet":"","ocean_menu_typo_transform_mobile":"","ocean_menu_typo_line_height":0,"ocean_menu_typo_line_height_tablet":0,"ocean_menu_typo_line_height_mobile":0,"ocean_menu_typo_line_height_unit":"","ocean_menu_typo_spacing":0,"ocean_menu_typo_spacing_tablet":0,"ocean_menu_typo_spacing_mobile":0,"ocean_menu_typo_spacing_unit":"","ocean_menu_link_color":"","ocean_menu_link_color_hover":"","ocean_menu_link_color_active":"","ocean_menu_link_background":"","ocean_menu_link_hover_background":"","ocean_menu_link_active_background":"","ocean_menu_social_links_bg":"","ocean_menu_social_hover_links_bg":"","ocean_menu_social_links_color":"","ocean_menu_social_hover_links_color":"","ocean_disable_title":"on","ocean_disable_heading":"default","ocean_post_title":"","ocean_post_subheading":"","ocean_post_title_style":"","ocean_post_title_background_color":"","ocean_post_title_background":0,"ocean_post_title_bg_image_position":"","ocean_post_title_bg_image_attachment":"","ocean_post_title_bg_image_repeat":"","ocean_post_title_bg_image_size":"","ocean_post_title_height":0,"ocean_post_title_bg_overlay":0.5,"ocean_post_title_bg_overlay_color":"","ocean_disable_breadcrumbs":"default","ocean_breadcrumbs_color":"","ocean_breadcrumbs_separator_color":"","ocean_breadcrumbs_links_color":"","ocean_breadcrumbs_links_hover_color":"","ocean_display_footer_widgets":"default","ocean_display_footer_bottom":"default","ocean_custom_footer_template":"0","footnotes":""},"class_list":["post-479","page","type-page","status-publish","has-post-thumbnail","hentry","entry","has-media"],"_links":{"self":[{"href":"https:\/\/restaurant-la-palma.fr\/index.php\/wp-json\/wp\/v2\/pages\/479","targetHints":{"allow":["GET"]}}],"collection":[{"href":"https:\/\/restaurant-la-palma.fr\/index.php\/wp-json\/wp\/v2\/pages"}],"about":[{"href":"https:\/\/restaurant-la-palma.fr\/index.php\/wp-json\/wp\/v2\/types\/page"}],"author":[{"embeddable":true,"href":"https:\/\/restaurant-la-palma.fr\/index.php\/wp-json\/wp\/v2\/users\/3"}],"replies":[{"embeddable":true,"href":"https:\/\/restaurant-la-palma.fr\/index.php\/wp-json\/wp\/v2\/comments?post=479"}],"version-history":[{"count":16,"href":"https:\/\/restaurant-la-palma.fr\/index.php\/wp-json\/wp\/v2\/pages\/479\/revisions"}],"predecessor-version":[{"id":686,"href":"https:\/\/restaurant-la-palma.fr\/index.php\/wp-json\/wp\/v2\/pages\/479\/revisions\/686"}],"wp:featuredmedia":[{"embeddable":true,"href":"https:\/\/restaurant-la-palma.fr\/index.php\/wp-json\/wp\/v2\/media\/612"}],"wp:attachment":[{"href":"https:\/\/restaurant-la-palma.fr\/index.php\/wp-json\/wp\/v2\/media?parent=479"}],"curies":[{"name":"wp","href":"https:\/\/api.w.org\/{rel}","templated":true}]}}